{"id":54,"date":"2016-08-18T20:10:23","date_gmt":"2016-08-18T18:10:23","guid":{"rendered":"https:\/\/www.schuetzengesellschaft-eibau.de\/WP\/?page_id=54"},"modified":"2025-09-22T08:36:10","modified_gmt":"2025-09-22T06:36:10","slug":"mitglied-werden","status":"publish","type":"page","link":"https:\/\/www.schuetzengesellschaft-eibau.de\/WP\/mitglied-werden\/","title":{"rendered":"Mitglied werden"},"content":{"rendered":"<h5 style=\"text-align: center;\"><strong>Mitglied werden in der Wiedergegr\u00fcndeten Sch\u00fctzengesellschaft Eibau e. V.<\/strong><\/h5>\n<hr \/>\n<p style=\"text-align: justify;\">Haben wir das Interesse am Schie\u00dfsport geweckt?<\/p>\n<p style=\"text-align: justify;\">Dann komme doch einfach zu den Schie\u00dfzeiten bei der Sch\u00fctzengesellschaft Eibau 1707 e. V. am Vereinshaus vorbei und informiere dich \u00fcber unseren Verein.<\/p>\n<p style=\"text-align: justify;\">Schie\u00dfen ist unter Aufsicht ausgebildeter Schie\u00dfleiter m\u00f6glich.<\/p>\n<p style=\"text-align: justify;\">Vereinseigene Waffen sind vorhanden.<\/p>\n<p style=\"text-align: justify;\">Minderj\u00e4hrige Sch\u00fctzen ben\u00f6tigen zur Teilnahme am Schie\u00dfsport die unterschriebene Einverst\u00e4ndniserkl\u00e4rung des Sorgeberechtigten:<\/p>\n<p style=\"text-align: justify;\"><strong><a href=\"https:\/\/www.schuetzengesellschaft-eibau.de\/WP\/wp-content\/uploads\/2023\/02\/Einverstaendniserklaerung_Minderjaehrige.pdf\" target=\"_blank\" rel=\"noopener\">Einverst\u00e4ndniserkl\u00e4rung_Minderj\u00e4hrige<\/a><\/strong><\/p>\n<p style=\"text-align: justify;\">Besteht Interesse daran, Mitglied in unserem Verein zu werden, gibt es hier das Antragsformular zum Download:<\/p>\n<p><strong><a href=\"https:\/\/www.schuetzengesellschaft-eibau.de\/WP\/wp-content\/uploads\/2025\/09\/Vordruck_Mitgliedsantrag_2025.pdf\">Vordruck_Mitgliedsantrag_2025<\/a><\/strong><\/p>\n<p style=\"text-align: justify;\">Den ausgef\u00fcllten Antrag am Besten pers\u00f6nlich im Vereinshaus abgeben.<\/p>\n<p style=\"text-align: justify;\">Anfahrt zum Vereinshaus unter <a href=\"https:\/\/www.schuetzengesellschaft-eibau.de\/WP\/kontakt\/\">Kontakt<\/a>.<\/p>\n<p><strong><a href=\"https:\/\/www.schuetzengesellschaft-eibau.de\/WP\/wp-content\/uploads\/2023\/11\/2023-11-15_WSG-Eibau_Satzung_Aktuell.pdf\">Satzung der Wiedergegr\u00fcndeten Sch\u00fctzengesellschaft Eibau 1707 e.V.<\/a><\/strong><\/p>\n<p>&nbsp;<\/p>\n<p style=\"text-align: center;\"><img loading=\"lazy\" decoding=\"async\" class=\"alignnone size-full wp-image-1648\" src=\"https:\/\/www.schuetzengesellschaft-eibau.de\/WP\/wp-content\/uploads\/2020\/07\/schuetzenverein.jpg\" alt=\"\" width=\"2000\" height=\"1331\" srcset=\"https:\/\/www.schuetzengesellschaft-eibau.de\/WP\/wp-content\/uploads\/2020\/07\/schuetzenverein.jpg 2000w, https:\/\/www.schuetzengesellschaft-eibau.de\/WP\/wp-content\/uploads\/2020\/07\/schuetzenverein-300x200.jpg 300w, https:\/\/www.schuetzengesellschaft-eibau.de\/WP\/wp-content\/uploads\/2020\/07\/schuetzenverein-700x466.jpg 700w, https:\/\/www.schuetzengesellschaft-eibau.de\/WP\/wp-content\/uploads\/2020\/07\/schuetzenverein-768x511.jpg 768w, https:\/\/www.schuetzengesellschaft-eibau.de\/WP\/wp-content\/uploads\/2020\/07\/schuetzenverein-1536x1022.jpg 1536w, https:\/\/www.schuetzengesellschaft-eibau.de\/WP\/wp-content\/uploads\/2020\/07\/schuetzenverein-150x100.jpg 150w, https:\/\/www.schuetzengesellschaft-eibau.de\/WP\/wp-content\/uploads\/2020\/07\/schuetzenverein-272x182.jpg 272w\" sizes=\"auto, (max-width: 2000px) 100vw, 2000px\" \/><\/p>\n","protected":false},"excerpt":{"rendered":"<p>Mitglied werden in der Wiedergegr\u00fcndeten Sch\u00fctzengesellschaft Eibau e. V. Haben wir das Interesse am Schie\u00dfsport geweckt? Dann komme doch einfach zu den Schie\u00dfzeiten bei der Sch\u00fctzengesellschaft Eibau 1707 e. V. am Vereinshaus vorbei und informiere dich \u00fcber unseren Verein. Schie\u00dfen ist unter Aufsicht ausgebildeter Schie\u00dfleiter m\u00f6glich. Vereinseigene Waffen sind vorhanden.\u2026<\/p>\n<p> <a class=\"continue-reading-link\" href=\"https:\/\/www.schuetzengesellschaft-eibau.de\/WP\/mitglied-werden\/\"><span>Continue reading<\/span><i class=\"crycon-right-dir\"><\/i><\/a> <\/p>\n","protected":false},"author":2,"featured_media":0,"parent":0,"menu_order":0,"comment_status":"closed","ping_status":"closed","template":"","meta":{"footnotes":""},"class_list":["post-54","page","type-page","status-publish","hentry"],"_links":{"self":[{"href":"https:\/\/www.schuetzengesellschaft-eibau.de\/WP\/wp-json\/wp\/v2\/pages\/54","targetHints":{"allow":["GET"]}}],"collection":[{"href":"https:\/\/www.schuetzengesellschaft-eibau.de\/WP\/wp-json\/wp\/v2\/pages"}],"about":[{"href":"https:\/\/www.schuetzengesellschaft-eibau.de\/WP\/wp-json\/wp\/v2\/types\/page"}],"author":[{"embeddable":true,"href":"https:\/\/www.schuetzengesellschaft-eibau.de\/WP\/wp-json\/wp\/v2\/users\/2"}],"replies":[{"embeddable":true,"href":"https:\/\/www.schuetzengesellschaft-eibau.de\/WP\/wp-json\/wp\/v2\/comments?post=54"}],"version-history":[{"count":0,"href":"https:\/\/www.schuetzengesellschaft-eibau.de\/WP\/wp-json\/wp\/v2\/pages\/54\/revisions"}],"wp:attachment":[{"href":"https:\/\/www.schuetzengesellschaft-eibau.de\/WP\/wp-json\/wp\/v2\/media?parent=54"}],"curies":[{"name":"wp","href":"https:\/\/api.w.org\/{rel}","templated":true}]}}