{"id":4,"date":"2016-08-18T15:44:31","date_gmt":"2016-08-18T13:44:31","guid":{"rendered":"https:\/\/www.schuetzengesellschaft-eibau.de\/WP\/?page_id=4"},"modified":"2024-12-23T22:17:55","modified_gmt":"2024-12-23T21:17:55","slug":"startseite","status":"publish","type":"page","link":"https:\/\/www.schuetzengesellschaft-eibau.de\/WP\/","title":{"rendered":"Startseite"},"content":{"rendered":"<h5 style=\"text-align: center;\"><span style=\"color: #194a96;\"><strong><span class=\"s1\">Herzlich Willkommen auf der Homepage der <\/span><\/strong><\/span><\/h5>\n<h5 style=\"text-align: center;\"><span style=\"color: #194a96;\"><strong><span class=\"s1\">Wiedergegr\u00fcndeten Sch\u00fctzengesellschaft Eibau 1707 e. V.<\/span><\/strong><\/span><\/h5>\n<hr \/>\n<p class=\"p1\" style=\"text-align: justify;\"><span class=\"s1\">Wann und welche Sch\u00fctzengesellschaft in Eibau gegr\u00fcndet wurde, l\u00e4sst sich heute nicht mehr genau einordnen. Es muss aber bereits 1707 schie\u00dfsportliche Wettbewerbe von organisierten Sch\u00fctzen gegeben haben. Darauf deutet der Fund einer zinnernen Sch\u00fctzenschale aus dem Jahre 1707 hin.<\/span><\/p>\n<p class=\"p1\" style=\"text-align: justify;\"><span class=\"s1\">Am 7. Dezember 1991 gr\u00fcndeten Enthusiasten des Schie\u00dfsports unter der Leitung von Eberhard Pufe die Wiedergegr\u00fcndete Sch\u00fctzengesellschaft Eibau 1707 e. V.<\/span><\/p>\n<p class=\"p1\" style=\"text-align: justify;\"><span class=\"s1\">Neben der Aus\u00fcbung schie\u00dfsportlicher Aktivit\u00e4ten haben sich die Mitglieder das Ziel gestellt, auch die Traditionen der alten Eibauer Vereine zu \u00fcbernehmen und weiter zu pflegen. In vielen Stunden freiwilliger Arbeit schufen sich die Mitglieder eine Schie\u00dfanlage und einen Klubraum (ehemaliges Frottanagel\u00e4nde), die 1994 eingeweiht werden konnten. Bis zu ihrer Stilllegung diente sie dem Verein als Domizil und war unter Mitgliedern und G\u00e4sten hoch angesehen. Pl\u00e4ne f\u00fcr eine neue Schie\u00dfanlage wurden gemacht, die auch in die Tat umgesetzt werden konnten. Mittlerweile geh\u00f6rt die neue Schie\u00dfanlage mit Sch\u00fctzenhaus (Einweihung 2000) zum Alltag der Gemeinde und wird rege besucht.<\/span><\/p>\n<p class=\"p1\" style=\"text-align: justify;\"><span class=\"s1\">Im Jahre 2015 wurde die Schie\u00dfanlage erneut mit viel Aufwand auf den neuesten Stand der neuen Schie\u00dfstandrichtlinien gebracht.<\/span><\/p>\n<p style=\"text-align: justify;\"><span style=\"font-family: georgia, palatino, serif;\">2020 wurde unser neu gebauter Schie\u00dfstand f\u00fcr den Laufenden Keiler und Kipphase in Betrieb genommen. 2022 folgte dann der Neubau unseres Wurftaubenstandes.<\/span><\/p>\n<p class=\"p1\" style=\"text-align: justify;\"><span class=\"s1\">Auch G\u00e4ste aus anderen L\u00e4ndern geh\u00f6ren heute schon zu den Besuchern. Der am weitesten angereiste Gastsch\u00fctze kam aus Kolumbien.<\/span><\/p>\n<p style=\"text-align: justify;\"><span style=\"font-family: georgia, palatino, serif;\">F\u00fcr Anfragen und Anregungen bitte unser <a href=\"https:\/\/www.schuetzengesellschaft-eibau.de\/WP\/kontakt\/\">Kontaktformular<\/a> benutzen oder eine eMail an <a href=\"mailto:info@schuetzengesellschaft-eibau.de\">info@schuetzengesellschaft-eibau.de<\/a> senden.<\/span><\/p>\n<p>&nbsp;<\/p>\n<p class=\"p1\" style=\"text-align: center;\"><img loading=\"lazy\" decoding=\"async\" class=\"alignnone size-full wp-image-1648\" src=\"https:\/\/www.schuetzengesellschaft-eibau.de\/WP\/wp-content\/uploads\/2020\/07\/schuetzenverein.jpg\" alt=\"\" width=\"2000\" height=\"1331\" srcset=\"https:\/\/www.schuetzengesellschaft-eibau.de\/WP\/wp-content\/uploads\/2020\/07\/schuetzenverein.jpg 2000w, https:\/\/www.schuetzengesellschaft-eibau.de\/WP\/wp-content\/uploads\/2020\/07\/schuetzenverein-300x200.jpg 300w, https:\/\/www.schuetzengesellschaft-eibau.de\/WP\/wp-content\/uploads\/2020\/07\/schuetzenverein-700x466.jpg 700w, https:\/\/www.schuetzengesellschaft-eibau.de\/WP\/wp-content\/uploads\/2020\/07\/schuetzenverein-768x511.jpg 768w, https:\/\/www.schuetzengesellschaft-eibau.de\/WP\/wp-content\/uploads\/2020\/07\/schuetzenverein-1536x1022.jpg 1536w, https:\/\/www.schuetzengesellschaft-eibau.de\/WP\/wp-content\/uploads\/2020\/07\/schuetzenverein-150x100.jpg 150w, https:\/\/www.schuetzengesellschaft-eibau.de\/WP\/wp-content\/uploads\/2020\/07\/schuetzenverein-272x182.jpg 272w\" sizes=\"auto, (max-width: 2000px) 100vw, 2000px\" \/><\/p>\n<p style=\"text-align: center;\"><img loading=\"lazy\" decoding=\"async\" class=\"alignnone size-full wp-image-1640\" src=\"https:\/\/www.schuetzengesellschaft-eibau.de\/WP\/wp-content\/uploads\/2020\/07\/Laufender_Keiler.jpeg\" alt=\"\" width=\"2000\" height=\"1333\" srcset=\"https:\/\/www.schuetzengesellschaft-eibau.de\/WP\/wp-content\/uploads\/2020\/07\/Laufender_Keiler.jpeg 2000w, https:\/\/www.schuetzengesellschaft-eibau.de\/WP\/wp-content\/uploads\/2020\/07\/Laufender_Keiler-300x200.jpeg 300w, https:\/\/www.schuetzengesellschaft-eibau.de\/WP\/wp-content\/uploads\/2020\/07\/Laufender_Keiler-700x467.jpeg 700w, https:\/\/www.schuetzengesellschaft-eibau.de\/WP\/wp-content\/uploads\/2020\/07\/Laufender_Keiler-768x512.jpeg 768w, https:\/\/www.schuetzengesellschaft-eibau.de\/WP\/wp-content\/uploads\/2020\/07\/Laufender_Keiler-1536x1024.jpeg 1536w, https:\/\/www.schuetzengesellschaft-eibau.de\/WP\/wp-content\/uploads\/2020\/07\/Laufender_Keiler-150x100.jpeg 150w, https:\/\/www.schuetzengesellschaft-eibau.de\/WP\/wp-content\/uploads\/2020\/07\/Laufender_Keiler-272x182.jpeg 272w\" sizes=\"auto, (max-width: 2000px) 100vw, 2000px\" \/><\/p>\n<p style=\"text-align: center;\"><img loading=\"lazy\" decoding=\"async\" class=\"alignnone size-full wp-image-2529\" src=\"https:\/\/www.schuetzengesellschaft-eibau.de\/WP\/wp-content\/uploads\/2023\/12\/Trapstand_0468.jpeg\" alt=\"\" width=\"2000\" height=\"1334\" srcset=\"https:\/\/www.schuetzengesellschaft-eibau.de\/WP\/wp-content\/uploads\/2023\/12\/Trapstand_0468.jpeg 2000w, https:\/\/www.schuetzengesellschaft-eibau.de\/WP\/wp-content\/uploads\/2023\/12\/Trapstand_0468-300x200.jpeg 300w, https:\/\/www.schuetzengesellschaft-eibau.de\/WP\/wp-content\/uploads\/2023\/12\/Trapstand_0468-700x467.jpeg 700w, https:\/\/www.schuetzengesellschaft-eibau.de\/WP\/wp-content\/uploads\/2023\/12\/Trapstand_0468-768x512.jpeg 768w, https:\/\/www.schuetzengesellschaft-eibau.de\/WP\/wp-content\/uploads\/2023\/12\/Trapstand_0468-1536x1025.jpeg 1536w, https:\/\/www.schuetzengesellschaft-eibau.de\/WP\/wp-content\/uploads\/2023\/12\/Trapstand_0468-150x100.jpeg 150w, https:\/\/www.schuetzengesellschaft-eibau.de\/WP\/wp-content\/uploads\/2023\/12\/Trapstand_0468-272x182.jpeg 272w\" sizes=\"auto, (max-width: 2000px) 100vw, 2000px\" \/><\/p>\n","protected":false},"excerpt":{"rendered":"<p>Herzlich Willkommen auf der Homepage der Wiedergegr\u00fcndeten Sch\u00fctzengesellschaft Eibau 1707 e. V. Wann und welche Sch\u00fctzengesellschaft in Eibau gegr\u00fcndet wurde, l\u00e4sst sich heute nicht mehr genau einordnen. Es muss aber bereits 1707 schie\u00dfsportliche Wettbewerbe von organisierten Sch\u00fctzen gegeben haben. Darauf deutet der Fund einer zinnernen Sch\u00fctzenschale aus dem Jahre 1707\u2026<\/p>\n<p> <a class=\"continue-reading-link\" href=\"https:\/\/www.schuetzengesellschaft-eibau.de\/WP\/\"><span>Continue reading<\/span><i class=\"crycon-right-dir\"><\/i><\/a> <\/p>\n","protected":false},"author":1,"featured_media":0,"parent":0,"menu_order":0,"comment_status":"closed","ping_status":"closed","template":"","meta":{"footnotes":""},"class_list":["post-4","page","type-page","status-publish","hentry"],"_links":{"self":[{"href":"https:\/\/www.schuetzengesellschaft-eibau.de\/WP\/wp-json\/wp\/v2\/pages\/4","targetHints":{"allow":["GET"]}}],"collection":[{"href":"https:\/\/www.schuetzengesellschaft-eibau.de\/WP\/wp-json\/wp\/v2\/pages"}],"about":[{"href":"https:\/\/www.schuetzengesellschaft-eibau.de\/WP\/wp-json\/wp\/v2\/types\/page"}],"author":[{"embeddable":true,"href":"https:\/\/www.schuetzengesellschaft-eibau.de\/WP\/wp-json\/wp\/v2\/users\/1"}],"replies":[{"embeddable":true,"href":"https:\/\/www.schuetzengesellschaft-eibau.de\/WP\/wp-json\/wp\/v2\/comments?post=4"}],"version-history":[{"count":0,"href":"https:\/\/www.schuetzengesellschaft-eibau.de\/WP\/wp-json\/wp\/v2\/pages\/4\/revisions"}],"wp:attachment":[{"href":"https:\/\/www.schuetzengesellschaft-eibau.de\/WP\/wp-json\/wp\/v2\/media?parent=4"}],"curies":[{"name":"wp","href":"https:\/\/api.w.org\/{rel}","templated":true}]}}