{"id":33,"date":"2016-08-18T17:44:55","date_gmt":"2016-08-18T15:44:55","guid":{"rendered":"https:\/\/www.schuetzengesellschaft-eibau.de\/WP\/?page_id=33"},"modified":"2023-12-01T19:11:53","modified_gmt":"2023-12-01T18:11:53","slug":"vereinshaus","status":"publish","type":"page","link":"https:\/\/www.schuetzengesellschaft-eibau.de\/WP\/vereinshaus\/","title":{"rendered":"Vereinshaus"},"content":{"rendered":"<h5 style=\"text-align: center;\"><strong>Vereinshaus der Wiedergegr\u00fcndeten Sch\u00fctzengesellschaft Eibau 1707 e. V.<\/strong><\/h5>\n<hr \/>\n<p class=\"p1\" style=\"text-align: center;\"><img loading=\"lazy\" decoding=\"async\" class=\"alignnone size-full wp-image-1650\" src=\"https:\/\/www.schuetzengesellschaft-eibau.de\/WP\/wp-content\/uploads\/2020\/07\/vereinshaus.jpg\" alt=\"\" width=\"2000\" height=\"1331\" srcset=\"https:\/\/www.schuetzengesellschaft-eibau.de\/WP\/wp-content\/uploads\/2020\/07\/vereinshaus.jpg 2000w, https:\/\/www.schuetzengesellschaft-eibau.de\/WP\/wp-content\/uploads\/2020\/07\/vereinshaus-300x200.jpg 300w, https:\/\/www.schuetzengesellschaft-eibau.de\/WP\/wp-content\/uploads\/2020\/07\/vereinshaus-700x466.jpg 700w, https:\/\/www.schuetzengesellschaft-eibau.de\/WP\/wp-content\/uploads\/2020\/07\/vereinshaus-768x511.jpg 768w, https:\/\/www.schuetzengesellschaft-eibau.de\/WP\/wp-content\/uploads\/2020\/07\/vereinshaus-1536x1022.jpg 1536w, https:\/\/www.schuetzengesellschaft-eibau.de\/WP\/wp-content\/uploads\/2020\/07\/vereinshaus-150x100.jpg 150w, https:\/\/www.schuetzengesellschaft-eibau.de\/WP\/wp-content\/uploads\/2020\/07\/vereinshaus-272x182.jpg 272w\" sizes=\"auto, (max-width: 2000px) 100vw, 2000px\" \/><\/p>\n<p class=\"p1\" style=\"text-align: justify;\"><span class=\"s1\">Unser Vereinshaus bietet Platz f\u00fcr 40 bis 50 G\u00e4ste und kann f\u00fcr Familienfeiern etc. angemietet werden. Besonders hervorzuheben ist, dass unsere R\u00e4umlichkeiten barrierefrei sind.<\/span><\/p>\n<p class=\"p1\" style=\"text-align: justify;\"><span class=\"s2\">Bei Interesse bitte \u00fcber das <a href=\"https:\/\/www.schuetzengesellschaft-eibau.de\/WP\/kontakt\/\">Kontaktformular<\/a> melden oder direkt an unseren\u00a0<\/span><span style=\"font-family: georgia, palatino, serif;\">Ansprechpartner f\u00fcr die Vermietung, Patrick Grosche, wenden:<\/span><\/p>\n<ul>\n<li>Handy: 0178-4740835<\/li>\n<li>Telefon: 03586-7070810<\/li>\n<li>E-Mail <a href=\"https:\/\/mein.ionos.de\/email-account-details\/forward\/152603885\">patrick.grosche@schuetzengesellschaft-eibau.de<\/a><\/li>\n<\/ul>\n<p>&nbsp;<\/p>\n<p class=\"p1\" style=\"text-align: center;\"><img loading=\"lazy\" decoding=\"async\" class=\"alignnone size-full wp-image-1651\" src=\"https:\/\/www.schuetzengesellschaft-eibau.de\/WP\/wp-content\/uploads\/2020\/07\/vereinsraum1.jpg\" alt=\"\" width=\"2000\" height=\"1331\" srcset=\"https:\/\/www.schuetzengesellschaft-eibau.de\/WP\/wp-content\/uploads\/2020\/07\/vereinsraum1.jpg 2000w, https:\/\/www.schuetzengesellschaft-eibau.de\/WP\/wp-content\/uploads\/2020\/07\/vereinsraum1-300x200.jpg 300w, https:\/\/www.schuetzengesellschaft-eibau.de\/WP\/wp-content\/uploads\/2020\/07\/vereinsraum1-700x466.jpg 700w, https:\/\/www.schuetzengesellschaft-eibau.de\/WP\/wp-content\/uploads\/2020\/07\/vereinsraum1-768x511.jpg 768w, https:\/\/www.schuetzengesellschaft-eibau.de\/WP\/wp-content\/uploads\/2020\/07\/vereinsraum1-1536x1022.jpg 1536w, https:\/\/www.schuetzengesellschaft-eibau.de\/WP\/wp-content\/uploads\/2020\/07\/vereinsraum1-150x100.jpg 150w, https:\/\/www.schuetzengesellschaft-eibau.de\/WP\/wp-content\/uploads\/2020\/07\/vereinsraum1-272x182.jpg 272w\" sizes=\"auto, (max-width: 2000px) 100vw, 2000px\" \/><\/p>\n<p style=\"text-align: center;\"><img loading=\"lazy\" decoding=\"async\" class=\"alignnone size-full wp-image-1652\" src=\"https:\/\/www.schuetzengesellschaft-eibau.de\/WP\/wp-content\/uploads\/2020\/07\/vereinsraum2.jpg\" alt=\"\" width=\"2000\" height=\"1331\" srcset=\"https:\/\/www.schuetzengesellschaft-eibau.de\/WP\/wp-content\/uploads\/2020\/07\/vereinsraum2.jpg 2000w, https:\/\/www.schuetzengesellschaft-eibau.de\/WP\/wp-content\/uploads\/2020\/07\/vereinsraum2-300x200.jpg 300w, https:\/\/www.schuetzengesellschaft-eibau.de\/WP\/wp-content\/uploads\/2020\/07\/vereinsraum2-700x466.jpg 700w, https:\/\/www.schuetzengesellschaft-eibau.de\/WP\/wp-content\/uploads\/2020\/07\/vereinsraum2-768x511.jpg 768w, https:\/\/www.schuetzengesellschaft-eibau.de\/WP\/wp-content\/uploads\/2020\/07\/vereinsraum2-1536x1022.jpg 1536w, https:\/\/www.schuetzengesellschaft-eibau.de\/WP\/wp-content\/uploads\/2020\/07\/vereinsraum2-150x100.jpg 150w, https:\/\/www.schuetzengesellschaft-eibau.de\/WP\/wp-content\/uploads\/2020\/07\/vereinsraum2-272x182.jpg 272w\" sizes=\"auto, (max-width: 2000px) 100vw, 2000px\" \/><\/p>\n","protected":false},"excerpt":{"rendered":"<p>Vereinshaus der Wiedergegr\u00fcndeten Sch\u00fctzengesellschaft Eibau 1707 e. V. Unser Vereinshaus bietet Platz f\u00fcr 40 bis 50 G\u00e4ste und kann f\u00fcr Familienfeiern etc. angemietet werden. Besonders hervorzuheben ist, dass unsere R\u00e4umlichkeiten barrierefrei sind. Bei Interesse bitte \u00fcber das Kontaktformular melden oder direkt an unseren\u00a0Ansprechpartner f\u00fcr die Vermietung, Patrick Grosche, wenden: Handy:\u2026<\/p>\n<p> <a class=\"continue-reading-link\" href=\"https:\/\/www.schuetzengesellschaft-eibau.de\/WP\/vereinshaus\/\"><span>Continue reading<\/span><i class=\"crycon-right-dir\"><\/i><\/a> <\/p>\n","protected":false},"author":1,"featured_media":0,"parent":0,"menu_order":0,"comment_status":"closed","ping_status":"closed","template":"","meta":{"footnotes":""},"class_list":["post-33","page","type-page","status-publish","hentry"],"_links":{"self":[{"href":"https:\/\/www.schuetzengesellschaft-eibau.de\/WP\/wp-json\/wp\/v2\/pages\/33","targetHints":{"allow":["GET"]}}],"collection":[{"href":"https:\/\/www.schuetzengesellschaft-eibau.de\/WP\/wp-json\/wp\/v2\/pages"}],"about":[{"href":"https:\/\/www.schuetzengesellschaft-eibau.de\/WP\/wp-json\/wp\/v2\/types\/page"}],"author":[{"embeddable":true,"href":"https:\/\/www.schuetzengesellschaft-eibau.de\/WP\/wp-json\/wp\/v2\/users\/1"}],"replies":[{"embeddable":true,"href":"https:\/\/www.schuetzengesellschaft-eibau.de\/WP\/wp-json\/wp\/v2\/comments?post=33"}],"version-history":[{"count":0,"href":"https:\/\/www.schuetzengesellschaft-eibau.de\/WP\/wp-json\/wp\/v2\/pages\/33\/revisions"}],"wp:attachment":[{"href":"https:\/\/www.schuetzengesellschaft-eibau.de\/WP\/wp-json\/wp\/v2\/media?parent=33"}],"curies":[{"name":"wp","href":"https:\/\/api.w.org\/{rel}","templated":true}]}}