{"id":30,"date":"2016-08-18T17:41:26","date_gmt":"2016-08-18T15:41:26","guid":{"rendered":"https:\/\/www.schuetzengesellschaft-eibau.de\/WP\/?page_id=30"},"modified":"2023-12-01T17:47:17","modified_gmt":"2023-12-01T16:47:17","slug":"schiessstaende","status":"publish","type":"page","link":"https:\/\/www.schuetzengesellschaft-eibau.de\/WP\/schiessstaende\/","title":{"rendered":"Schie\u00dfst\u00e4nde"},"content":{"rendered":"<h5 class=\"p1\" style=\"text-align: center;\"><strong><span class=\"s1\">Wir verf\u00fcgen \u00fcber moderne Schie\u00dfbahnen<\/span><\/strong><\/h5>\n<hr \/>\n<p style=\"text-align: center;\"><span class=\"s1\">25m Schie\u00dfstand (auch Fallscheibe)<\/span><\/p>\n<p class=\"p1\" style=\"text-align: center;\"><img loading=\"lazy\" decoding=\"async\" class=\"size-full wp-image-1644 aligncenter\" src=\"https:\/\/www.schuetzengesellschaft-eibau.de\/WP\/wp-content\/uploads\/2020\/07\/25m.jpg\" alt=\"\" width=\"2000\" height=\"1331\" srcset=\"https:\/\/www.schuetzengesellschaft-eibau.de\/WP\/wp-content\/uploads\/2020\/07\/25m.jpg 2000w, https:\/\/www.schuetzengesellschaft-eibau.de\/WP\/wp-content\/uploads\/2020\/07\/25m-300x200.jpg 300w, https:\/\/www.schuetzengesellschaft-eibau.de\/WP\/wp-content\/uploads\/2020\/07\/25m-700x466.jpg 700w, https:\/\/www.schuetzengesellschaft-eibau.de\/WP\/wp-content\/uploads\/2020\/07\/25m-768x511.jpg 768w, https:\/\/www.schuetzengesellschaft-eibau.de\/WP\/wp-content\/uploads\/2020\/07\/25m-1536x1022.jpg 1536w, https:\/\/www.schuetzengesellschaft-eibau.de\/WP\/wp-content\/uploads\/2020\/07\/25m-150x100.jpg 150w, https:\/\/www.schuetzengesellschaft-eibau.de\/WP\/wp-content\/uploads\/2020\/07\/25m-272x182.jpg 272w\" sizes=\"auto, (max-width: 2000px) 100vw, 2000px\" \/><\/p>\n<p class=\"p1\" style=\"text-align: center;\">\n<hr \/>\n<p style=\"text-align: center;\"><span class=\"s1\">50m Schie\u00dfstand<\/span><\/p>\n<p class=\"p1\" style=\"text-align: center;\"><img loading=\"lazy\" decoding=\"async\" class=\"size-full wp-image-1645 aligncenter\" src=\"https:\/\/www.schuetzengesellschaft-eibau.de\/WP\/wp-content\/uploads\/2020\/07\/50m.jpg\" alt=\"\" width=\"2000\" height=\"1331\" srcset=\"https:\/\/www.schuetzengesellschaft-eibau.de\/WP\/wp-content\/uploads\/2020\/07\/50m.jpg 2000w, https:\/\/www.schuetzengesellschaft-eibau.de\/WP\/wp-content\/uploads\/2020\/07\/50m-300x200.jpg 300w, https:\/\/www.schuetzengesellschaft-eibau.de\/WP\/wp-content\/uploads\/2020\/07\/50m-700x466.jpg 700w, https:\/\/www.schuetzengesellschaft-eibau.de\/WP\/wp-content\/uploads\/2020\/07\/50m-768x511.jpg 768w, https:\/\/www.schuetzengesellschaft-eibau.de\/WP\/wp-content\/uploads\/2020\/07\/50m-1536x1022.jpg 1536w, https:\/\/www.schuetzengesellschaft-eibau.de\/WP\/wp-content\/uploads\/2020\/07\/50m-150x100.jpg 150w, https:\/\/www.schuetzengesellschaft-eibau.de\/WP\/wp-content\/uploads\/2020\/07\/50m-272x182.jpg 272w\" sizes=\"auto, (max-width: 2000px) 100vw, 2000px\" \/><\/p>\n<p class=\"p1\" style=\"text-align: center;\">\n<hr \/>\n<p style=\"text-align: center;\"><span class=\"s1\">100m Schie\u00dfstand<\/span><\/p>\n<p class=\"p1\" style=\"text-align: center;\"><img loading=\"lazy\" decoding=\"async\" class=\"size-full wp-image-1646 aligncenter\" src=\"https:\/\/www.schuetzengesellschaft-eibau.de\/WP\/wp-content\/uploads\/2020\/07\/100m.jpg\" alt=\"\" width=\"2000\" height=\"1331\" srcset=\"https:\/\/www.schuetzengesellschaft-eibau.de\/WP\/wp-content\/uploads\/2020\/07\/100m.jpg 2000w, https:\/\/www.schuetzengesellschaft-eibau.de\/WP\/wp-content\/uploads\/2020\/07\/100m-300x200.jpg 300w, https:\/\/www.schuetzengesellschaft-eibau.de\/WP\/wp-content\/uploads\/2020\/07\/100m-700x466.jpg 700w, https:\/\/www.schuetzengesellschaft-eibau.de\/WP\/wp-content\/uploads\/2020\/07\/100m-768x511.jpg 768w, https:\/\/www.schuetzengesellschaft-eibau.de\/WP\/wp-content\/uploads\/2020\/07\/100m-1536x1022.jpg 1536w, https:\/\/www.schuetzengesellschaft-eibau.de\/WP\/wp-content\/uploads\/2020\/07\/100m-150x100.jpg 150w, https:\/\/www.schuetzengesellschaft-eibau.de\/WP\/wp-content\/uploads\/2020\/07\/100m-272x182.jpg 272w\" sizes=\"auto, (max-width: 2000px) 100vw, 2000px\" \/><\/p>\n<p class=\"p1\" style=\"text-align: center;\">\n<hr \/>\n<p style=\"text-align: center;\"><span class=\"s1\">Trapstand (auch Fasan und Rollhase)<\/span><\/p>\n<p class=\"p1\" style=\"text-align: center;\"><img loading=\"lazy\" decoding=\"async\" class=\"size-full wp-image-2528 aligncenter\" src=\"https:\/\/www.schuetzengesellschaft-eibau.de\/WP\/wp-content\/uploads\/2023\/12\/Trapstand_0465.jpeg\" alt=\"\" width=\"2000\" height=\"1334\" srcset=\"https:\/\/www.schuetzengesellschaft-eibau.de\/WP\/wp-content\/uploads\/2023\/12\/Trapstand_0465.jpeg 2000w, https:\/\/www.schuetzengesellschaft-eibau.de\/WP\/wp-content\/uploads\/2023\/12\/Trapstand_0465-300x200.jpeg 300w, https:\/\/www.schuetzengesellschaft-eibau.de\/WP\/wp-content\/uploads\/2023\/12\/Trapstand_0465-700x467.jpeg 700w, https:\/\/www.schuetzengesellschaft-eibau.de\/WP\/wp-content\/uploads\/2023\/12\/Trapstand_0465-768x512.jpeg 768w, https:\/\/www.schuetzengesellschaft-eibau.de\/WP\/wp-content\/uploads\/2023\/12\/Trapstand_0465-1536x1025.jpeg 1536w, https:\/\/www.schuetzengesellschaft-eibau.de\/WP\/wp-content\/uploads\/2023\/12\/Trapstand_0465-150x100.jpeg 150w, https:\/\/www.schuetzengesellschaft-eibau.de\/WP\/wp-content\/uploads\/2023\/12\/Trapstand_0465-272x182.jpeg 272w\" sizes=\"auto, (max-width: 2000px) 100vw, 2000px\" \/><\/p>\n<p><img loading=\"lazy\" decoding=\"async\" class=\"size-full wp-image-2529 aligncenter\" src=\"https:\/\/www.schuetzengesellschaft-eibau.de\/WP\/wp-content\/uploads\/2023\/12\/Trapstand_0468.jpeg\" alt=\"\" width=\"2000\" height=\"1334\" srcset=\"https:\/\/www.schuetzengesellschaft-eibau.de\/WP\/wp-content\/uploads\/2023\/12\/Trapstand_0468.jpeg 2000w, https:\/\/www.schuetzengesellschaft-eibau.de\/WP\/wp-content\/uploads\/2023\/12\/Trapstand_0468-300x200.jpeg 300w, https:\/\/www.schuetzengesellschaft-eibau.de\/WP\/wp-content\/uploads\/2023\/12\/Trapstand_0468-700x467.jpeg 700w, https:\/\/www.schuetzengesellschaft-eibau.de\/WP\/wp-content\/uploads\/2023\/12\/Trapstand_0468-768x512.jpeg 768w, https:\/\/www.schuetzengesellschaft-eibau.de\/WP\/wp-content\/uploads\/2023\/12\/Trapstand_0468-1536x1025.jpeg 1536w, https:\/\/www.schuetzengesellschaft-eibau.de\/WP\/wp-content\/uploads\/2023\/12\/Trapstand_0468-150x100.jpeg 150w, https:\/\/www.schuetzengesellschaft-eibau.de\/WP\/wp-content\/uploads\/2023\/12\/Trapstand_0468-272x182.jpeg 272w\" sizes=\"auto, (max-width: 2000px) 100vw, 2000px\" \/><\/p>\n<p><img loading=\"lazy\" decoding=\"async\" class=\"size-full wp-image-2530 aligncenter\" src=\"https:\/\/www.schuetzengesellschaft-eibau.de\/WP\/wp-content\/uploads\/2023\/12\/Trapstand_4727.jpeg\" alt=\"\" width=\"2000\" height=\"1334\" srcset=\"https:\/\/www.schuetzengesellschaft-eibau.de\/WP\/wp-content\/uploads\/2023\/12\/Trapstand_4727.jpeg 2000w, https:\/\/www.schuetzengesellschaft-eibau.de\/WP\/wp-content\/uploads\/2023\/12\/Trapstand_4727-300x200.jpeg 300w, https:\/\/www.schuetzengesellschaft-eibau.de\/WP\/wp-content\/uploads\/2023\/12\/Trapstand_4727-700x467.jpeg 700w, https:\/\/www.schuetzengesellschaft-eibau.de\/WP\/wp-content\/uploads\/2023\/12\/Trapstand_4727-768x512.jpeg 768w, https:\/\/www.schuetzengesellschaft-eibau.de\/WP\/wp-content\/uploads\/2023\/12\/Trapstand_4727-1536x1025.jpeg 1536w, https:\/\/www.schuetzengesellschaft-eibau.de\/WP\/wp-content\/uploads\/2023\/12\/Trapstand_4727-150x100.jpeg 150w, https:\/\/www.schuetzengesellschaft-eibau.de\/WP\/wp-content\/uploads\/2023\/12\/Trapstand_4727-272x182.jpeg 272w\" sizes=\"auto, (max-width: 2000px) 100vw, 2000px\" \/><\/p>\n<p><img loading=\"lazy\" decoding=\"async\" class=\"size-full wp-image-2531 aligncenter\" src=\"https:\/\/www.schuetzengesellschaft-eibau.de\/WP\/wp-content\/uploads\/2023\/12\/Trapstand_4752.jpeg\" alt=\"\" width=\"2000\" height=\"1334\" srcset=\"https:\/\/www.schuetzengesellschaft-eibau.de\/WP\/wp-content\/uploads\/2023\/12\/Trapstand_4752.jpeg 2000w, https:\/\/www.schuetzengesellschaft-eibau.de\/WP\/wp-content\/uploads\/2023\/12\/Trapstand_4752-300x200.jpeg 300w, https:\/\/www.schuetzengesellschaft-eibau.de\/WP\/wp-content\/uploads\/2023\/12\/Trapstand_4752-700x467.jpeg 700w, https:\/\/www.schuetzengesellschaft-eibau.de\/WP\/wp-content\/uploads\/2023\/12\/Trapstand_4752-768x512.jpeg 768w, https:\/\/www.schuetzengesellschaft-eibau.de\/WP\/wp-content\/uploads\/2023\/12\/Trapstand_4752-1536x1025.jpeg 1536w, https:\/\/www.schuetzengesellschaft-eibau.de\/WP\/wp-content\/uploads\/2023\/12\/Trapstand_4752-150x100.jpeg 150w, https:\/\/www.schuetzengesellschaft-eibau.de\/WP\/wp-content\/uploads\/2023\/12\/Trapstand_4752-272x182.jpeg 272w\" sizes=\"auto, (max-width: 2000px) 100vw, 2000px\" \/><\/p>\n<p class=\"p1\" style=\"text-align: center;\">\n<hr \/>\n<p style=\"text-align: center;\">Laufender Keiler \/ Kipphase<\/p>\n<p style=\"text-align: center;\"><img loading=\"lazy\" decoding=\"async\" class=\"size-full wp-image-1640 aligncenter\" src=\"https:\/\/www.schuetzengesellschaft-eibau.de\/WP\/wp-content\/uploads\/2020\/07\/Laufender_Keiler.jpeg\" alt=\"\" width=\"2000\" height=\"1333\" srcset=\"https:\/\/www.schuetzengesellschaft-eibau.de\/WP\/wp-content\/uploads\/2020\/07\/Laufender_Keiler.jpeg 2000w, https:\/\/www.schuetzengesellschaft-eibau.de\/WP\/wp-content\/uploads\/2020\/07\/Laufender_Keiler-300x200.jpeg 300w, https:\/\/www.schuetzengesellschaft-eibau.de\/WP\/wp-content\/uploads\/2020\/07\/Laufender_Keiler-700x467.jpeg 700w, https:\/\/www.schuetzengesellschaft-eibau.de\/WP\/wp-content\/uploads\/2020\/07\/Laufender_Keiler-768x512.jpeg 768w, https:\/\/www.schuetzengesellschaft-eibau.de\/WP\/wp-content\/uploads\/2020\/07\/Laufender_Keiler-1536x1024.jpeg 1536w, https:\/\/www.schuetzengesellschaft-eibau.de\/WP\/wp-content\/uploads\/2020\/07\/Laufender_Keiler-150x100.jpeg 150w, https:\/\/www.schuetzengesellschaft-eibau.de\/WP\/wp-content\/uploads\/2020\/07\/Laufender_Keiler-272x182.jpeg 272w\" sizes=\"auto, (max-width: 2000px) 100vw, 2000px\" \/><\/p>\n<p style=\"text-align: center;\">\n<hr \/>\n<p style=\"text-align: center;\">Axt werfen<\/p>\n<p class=\"p1\" style=\"text-align: center;\"><img loading=\"lazy\" decoding=\"async\" class=\"size-full wp-image-1647 aligncenter\" src=\"https:\/\/www.schuetzengesellschaft-eibau.de\/WP\/wp-content\/uploads\/2020\/07\/axtwerfen.jpg\" alt=\"\" width=\"2000\" height=\"1331\" srcset=\"https:\/\/www.schuetzengesellschaft-eibau.de\/WP\/wp-content\/uploads\/2020\/07\/axtwerfen.jpg 2000w, https:\/\/www.schuetzengesellschaft-eibau.de\/WP\/wp-content\/uploads\/2020\/07\/axtwerfen-300x200.jpg 300w, https:\/\/www.schuetzengesellschaft-eibau.de\/WP\/wp-content\/uploads\/2020\/07\/axtwerfen-700x466.jpg 700w, https:\/\/www.schuetzengesellschaft-eibau.de\/WP\/wp-content\/uploads\/2020\/07\/axtwerfen-768x511.jpg 768w, https:\/\/www.schuetzengesellschaft-eibau.de\/WP\/wp-content\/uploads\/2020\/07\/axtwerfen-1536x1022.jpg 1536w, https:\/\/www.schuetzengesellschaft-eibau.de\/WP\/wp-content\/uploads\/2020\/07\/axtwerfen-150x100.jpg 150w, https:\/\/www.schuetzengesellschaft-eibau.de\/WP\/wp-content\/uploads\/2020\/07\/axtwerfen-272x182.jpg 272w\" sizes=\"auto, (max-width: 2000px) 100vw, 2000px\" \/><\/p>\n<p class=\"p1\" style=\"text-align: center;\">\n<hr \/>\n<p class=\"p1\">\n","protected":false},"excerpt":{"rendered":"<p>Wir verf\u00fcgen \u00fcber moderne Schie\u00dfbahnen 25m Schie\u00dfstand (auch Fallscheibe) 50m Schie\u00dfstand 100m Schie\u00dfstand Trapstand (auch Fasan und Rollhase) Laufender Keiler \/ Kipphase Axt werfen<\/p>\n<p> <a class=\"continue-reading-link\" href=\"https:\/\/www.schuetzengesellschaft-eibau.de\/WP\/schiessstaende\/\"><span>Continue reading<\/span><i class=\"crycon-right-dir\"><\/i><\/a> <\/p>\n","protected":false},"author":1,"featured_media":0,"parent":0,"menu_order":0,"comment_status":"closed","ping_status":"closed","template":"","meta":{"footnotes":""},"class_list":["post-30","page","type-page","status-publish","hentry"],"_links":{"self":[{"href":"https:\/\/www.schuetzengesellschaft-eibau.de\/WP\/wp-json\/wp\/v2\/pages\/30","targetHints":{"allow":["GET"]}}],"collection":[{"href":"https:\/\/www.schuetzengesellschaft-eibau.de\/WP\/wp-json\/wp\/v2\/pages"}],"about":[{"href":"https:\/\/www.schuetzengesellschaft-eibau.de\/WP\/wp-json\/wp\/v2\/types\/page"}],"author":[{"embeddable":true,"href":"https:\/\/www.schuetzengesellschaft-eibau.de\/WP\/wp-json\/wp\/v2\/users\/1"}],"replies":[{"embeddable":true,"href":"https:\/\/www.schuetzengesellschaft-eibau.de\/WP\/wp-json\/wp\/v2\/comments?post=30"}],"version-history":[{"count":0,"href":"https:\/\/www.schuetzengesellschaft-eibau.de\/WP\/wp-json\/wp\/v2\/pages\/30\/revisions"}],"wp:attachment":[{"href":"https:\/\/www.schuetzengesellschaft-eibau.de\/WP\/wp-json\/wp\/v2\/media?parent=30"}],"curies":[{"name":"wp","href":"https:\/\/api.w.org\/{rel}","templated":true}]}}