{"id":13,"date":"2016-08-18T17:00:49","date_gmt":"2016-08-18T15:00:49","guid":{"rendered":"https:\/\/www.schuetzengesellschaft-eibau.de\/WP\/?page_id=13"},"modified":"2024-11-07T10:41:59","modified_gmt":"2024-11-07T09:41:59","slug":"impressum","status":"publish","type":"page","link":"https:\/\/www.schuetzengesellschaft-eibau.de\/WP\/impressum\/","title":{"rendered":"Impressum"},"content":{"rendered":"<div id=\"pl-13\" class=\"panel-layout\">\n<div id=\"pg-13-0\" class=\"panel-grid panel-no-style\">\n<div id=\"pgc-13-0-0\" class=\"panel-grid-cell\" data-weight=\"1\">\n<div id=\"panel-13-0-0-0\" class=\"so-panel widget widget_sow-editor panel-first-child panel-last-child\" data-index=\"0\" data-style=\"{&quot;background_image_attachment&quot;:false,&quot;background_display&quot;:&quot;tile&quot;}\">\n<div class=\"so-widget-sow-editor so-widget-sow-editor-base\">\n<h3 class=\"widget-title\">Impressum<\/h3>\n<div class=\"siteorigin-widget-tinymce textwidget\">\n<h3 style=\"text-align: justify;\">Diensteanbieter<\/h3>\n<p style=\"text-align: justify;\">Wiedergegr\u00fcndete Sch\u00fctzengesellschaft Eibau 1707 e. V.<\/p>\n<p style=\"text-align: justify;\">Jahnstra\u00dfe 18b<\/p>\n<p style=\"text-align: justify;\">02739 Kottmar OT Eibau<\/p>\n<p style=\"text-align: justify;\">Deutschland<\/p>\n<h3 style=\"text-align: justify;\">Kontaktm\u00f6glichkeiten<\/h3>\n<p style=\"text-align: justify;\">E-Mail-Adresse:\u00a0<a href=\"mailto:info@schuetzengesellschaft-eibau.de\">info@schuetzengesellschaft-eibau.de<\/a><\/p>\n<p style=\"text-align: justify;\">Telefon:\u00a003586-387365<\/p>\n<p style=\"text-align: justify;\">Kontaktformular: <a href=\"https:\/\/www.schuetzengesellschaft-eibau.de\/WP\/kontakt\/\">Kontakt<\/a><\/p>\n<h3 style=\"text-align: justify;\">Vertretungsberechtigte Personen<\/h3>\n<p style=\"text-align: justify;\">Vertretungsberechtigt:\u00a0Vorsitzender Eberhard Pufe<\/p>\n<h3 style=\"text-align: left;\">Register und Registernummer<\/h3>\n<p style=\"text-align: justify;\">Vereinsregister<\/p>\n<p style=\"text-align: justify;\">Gef\u00fchrt bei:\u00a0Registergericht Dresden<\/p>\n<p style=\"text-align: justify;\">Nummer:\u00a0Registernummer 9255<\/p>\n<h3 style=\"text-align: left;\">Haftungs- und Schutzrechtshinweise<\/h3>\n<p style=\"text-align: justify;\">Haftungsausschluss: Die Inhalte dieses Onlineangebotes wurden sorgf\u00e4ltig und nach unserem aktuellen Kenntnisstand erstellt, dienen jedoch nur der Information und entfalten keine rechtlich bindende Wirkung, sofern es sich nicht um gesetzlich verpflichtende Informationen (z.B. das Impressum, die Datenschutzerkl\u00e4rung, AGB oder verpflichtende Belehrungen von Verbrauchern) handelt. Wir behalten uns vor, die Inhalte vollst\u00e4ndig oder teilweise zu \u00e4ndern oder zu l\u00f6schen, soweit vertragliche Verpflichtungen unber\u00fchrt bleiben. Alle Angebote sind freibleibend und unverbindlich.<\/p>\n<p style=\"text-align: justify;\">Links auf fremde Webseiten: Die Inhalte fremder Webseiten, auf die wir direkt oder indirekt verweisen, liegen au\u00dferhalb unseres Verantwortungsbereiches und wir machen sie uns nicht zu Eigen. F\u00fcr alle Inhalte und Nachteile, die aus der Nutzung der in den verlinkten Webseiten aufrufbaren Informationen entstehen, \u00fcbernehmen wir keine Verantwortung.<\/p>\n<p style=\"text-align: justify;\">Urheberrechte und Markenrechte: Alle auf dieser Website dargestellten Inhalte, wie Texte, Fotografien, Grafiken, Marken und Warenzeichen sind durch die jeweiligen Schutzrechte (Urheberrechte, Markenrechte) gesch\u00fctzt. Die Verwendung, Vervielf\u00e4ltigung usw. unterliegen unseren Rechten oder den Rechten der jeweiligen Urheber bzw. Rechteinhaber.<\/p>\n<p style=\"text-align: justify;\">Hinweise auf Rechtsverst\u00f6\u00dfe: Sollten Sie innerhalb unseres Internetauftritts Rechtsverst\u00f6\u00dfe bemerken, bitten wir Sie uns auf diese hinzuweisen. Wir werden rechtswidrige Inhalte und Links nach Kenntnisnahme unverz\u00fcglich entfernen.<\/p>\n<\/div>\n<\/div>\n<\/div>\n<\/div>\n<\/div>\n<\/div>\n","protected":false},"excerpt":{"rendered":"<p>Impressum Diensteanbieter Wiedergegr\u00fcndete Sch\u00fctzengesellschaft Eibau 1707 e. V. Jahnstra\u00dfe 18b 02739 Kottmar OT Eibau Deutschland Kontaktm\u00f6glichkeiten E-Mail-Adresse:\u00a0info@schuetzengesellschaft-eibau.de Telefon:\u00a003586-387365 Kontaktformular: Kontakt Vertretungsberechtigte Personen Vertretungsberechtigt:\u00a0Vorsitzender Eberhard Pufe Register und Registernummer Vereinsregister Gef\u00fchrt bei:\u00a0Registergericht Dresden Nummer:\u00a0Registernummer 9255 Haftungs- und Schutzrechtshinweise Haftungsausschluss: Die Inhalte dieses Onlineangebotes wurden sorgf\u00e4ltig und nach unserem aktuellen Kenntnisstand erstellt,\u2026<\/p>\n<p> <a class=\"continue-reading-link\" href=\"https:\/\/www.schuetzengesellschaft-eibau.de\/WP\/impressum\/\"><span>Continue reading<\/span><i class=\"crycon-right-dir\"><\/i><\/a> <\/p>\n","protected":false},"author":1,"featured_media":0,"parent":0,"menu_order":0,"comment_status":"closed","ping_status":"closed","template":"","meta":{"footnotes":""},"class_list":["post-13","page","type-page","status-publish","hentry"],"_links":{"self":[{"href":"https:\/\/www.schuetzengesellschaft-eibau.de\/WP\/wp-json\/wp\/v2\/pages\/13","targetHints":{"allow":["GET"]}}],"collection":[{"href":"https:\/\/www.schuetzengesellschaft-eibau.de\/WP\/wp-json\/wp\/v2\/pages"}],"about":[{"href":"https:\/\/www.schuetzengesellschaft-eibau.de\/WP\/wp-json\/wp\/v2\/types\/page"}],"author":[{"embeddable":true,"href":"https:\/\/www.schuetzengesellschaft-eibau.de\/WP\/wp-json\/wp\/v2\/users\/1"}],"replies":[{"embeddable":true,"href":"https:\/\/www.schuetzengesellschaft-eibau.de\/WP\/wp-json\/wp\/v2\/comments?post=13"}],"version-history":[{"count":0,"href":"https:\/\/www.schuetzengesellschaft-eibau.de\/WP\/wp-json\/wp\/v2\/pages\/13\/revisions"}],"wp:attachment":[{"href":"https:\/\/www.schuetzengesellschaft-eibau.de\/WP\/wp-json\/wp\/v2\/media?parent=13"}],"curies":[{"name":"wp","href":"https:\/\/api.w.org\/{rel}","templated":true}]}}